{"id":8,"date":"2014-11-21T15:42:23","date_gmt":"2014-11-21T14:42:23","guid":{"rendered":"http:\/\/www.modrasynkopa.cz\/?page_id=8"},"modified":"2016-06-06T14:30:30","modified_gmt":"2016-06-06T12:30:30","slug":"kontakty","status":"publish","type":"page","link":"https:\/\/www.modrasynkopa.cz\/?page_id=8","title":{"rendered":"Kontakty"},"content":{"rendered":"<p>Kapeln\u00edk:<\/p>\n<p>Jarda Pa\u0159\u00edzek, tel. 603 730 012<\/p>\n<p>email: parler(zavin\u00e1\u010d)email.cz<\/p>\n","protected":false},"excerpt":{"rendered":"<p>Kapeln\u00edk: Jarda Pa\u0159\u00edzek, tel. 603 730 012 email: parler(zavin\u00e1\u010d)email.cz &hellip; <a class=\"more-link\" href=\"https:\/\/www.modrasynkopa.cz\/?page_id=8\">Pokra\u010dovat ve \u010dten\u00ed <span class=\"meta-nav\">&rarr;<\/span><\/a><\/p>\n","protected":false},"author":1,"featured_media":0,"parent":0,"menu_order":0,"comment_status":"closed","ping_status":"open","template":"","meta":{"footnotes":""},"class_list":["post-8","page","type-page","status-publish","hentry"],"_links":{"self":[{"href":"https:\/\/www.modrasynkopa.cz\/index.php?rest_route=\/wp\/v2\/pages\/8","targetHints":{"allow":["GET"]}}],"collection":[{"href":"https:\/\/www.modrasynkopa.cz\/index.php?rest_route=\/wp\/v2\/pages"}],"about":[{"href":"https:\/\/www.modrasynkopa.cz\/index.php?rest_route=\/wp\/v2\/types\/page"}],"author":[{"embeddable":true,"href":"https:\/\/www.modrasynkopa.cz\/index.php?rest_route=\/wp\/v2\/users\/1"}],"replies":[{"embeddable":true,"href":"https:\/\/www.modrasynkopa.cz\/index.php?rest_route=%2Fwp%2Fv2%2Fcomments&post=8"}],"version-history":[{"count":3,"href":"https:\/\/www.modrasynkopa.cz\/index.php?rest_route=\/wp\/v2\/pages\/8\/revisions"}],"predecessor-version":[{"id":266,"href":"https:\/\/www.modrasynkopa.cz\/index.php?rest_route=\/wp\/v2\/pages\/8\/revisions\/266"}],"wp:attachment":[{"href":"https:\/\/www.modrasynkopa.cz\/index.php?rest_route=%2Fwp%2Fv2%2Fmedia&parent=8"}],"curies":[{"name":"wp","href":"https:\/\/api.w.org\/{rel}","templated":true}]}}