{"id":10,"date":"2014-11-21T15:42:35","date_gmt":"2014-11-21T14:42:35","guid":{"rendered":"http:\/\/www.modrasynkopa.cz\/?page_id=10"},"modified":"2015-07-23T14:41:52","modified_gmt":"2015-07-23T12:41:52","slug":"napsali-o-nas","status":"publish","type":"page","link":"https:\/\/www.modrasynkopa.cz\/?page_id=10","title":{"rendered":"Napsali o n\u00e1s"},"content":{"rendered":"<p>Vystoupen\u00ed na akci Prost\u0159en\u00fd st\u016fl 16.6.2015 &#8211; <a href=\"http:\/\/www.modrasynkopa.cz\/wp-content\/uploads\/2015\/07\/Maltezak1.jpg\">strana 1<\/a> a <a href=\"http:\/\/www.modrasynkopa.cz\/wp-content\/uploads\/2015\/07\/Maltezak2.jpg\">strana 2<\/a><\/p>\n","protected":false},"excerpt":{"rendered":"<p>Vystoupen\u00ed na akci Prost\u0159en\u00fd st\u016fl 16.6.2015 &#8211; strana 1 a strana 2 &hellip; <a class=\"more-link\" href=\"https:\/\/www.modrasynkopa.cz\/?page_id=10\">Pokra\u010dovat ve \u010dten\u00ed <span class=\"meta-nav\">&rarr;<\/span><\/a><\/p>\n","protected":false},"author":1,"featured_media":0,"parent":0,"menu_order":0,"comment_status":"closed","ping_status":"open","template":"","meta":{"footnotes":""},"class_list":["post-10","page","type-page","status-publish","hentry"],"_links":{"self":[{"href":"https:\/\/www.modrasynkopa.cz\/index.php?rest_route=\/wp\/v2\/pages\/10","targetHints":{"allow":["GET"]}}],"collection":[{"href":"https:\/\/www.modrasynkopa.cz\/index.php?rest_route=\/wp\/v2\/pages"}],"about":[{"href":"https:\/\/www.modrasynkopa.cz\/index.php?rest_route=\/wp\/v2\/types\/page"}],"author":[{"embeddable":true,"href":"https:\/\/www.modrasynkopa.cz\/index.php?rest_route=\/wp\/v2\/users\/1"}],"replies":[{"embeddable":true,"href":"https:\/\/www.modrasynkopa.cz\/index.php?rest_route=%2Fwp%2Fv2%2Fcomments&post=10"}],"version-history":[{"count":3,"href":"https:\/\/www.modrasynkopa.cz\/index.php?rest_route=\/wp\/v2\/pages\/10\/revisions"}],"predecessor-version":[{"id":168,"href":"https:\/\/www.modrasynkopa.cz\/index.php?rest_route=\/wp\/v2\/pages\/10\/revisions\/168"}],"wp:attachment":[{"href":"https:\/\/www.modrasynkopa.cz\/index.php?rest_route=%2Fwp%2Fv2%2Fmedia&parent=10"}],"curies":[{"name":"wp","href":"https:\/\/api.w.org\/{rel}","templated":true}]}}